{"id":53,"date":"2025-10-29T13:13:51","date_gmt":"2025-10-29T13:13:51","guid":{"rendered":"https:\/\/2026.otterdam.org\/?page_id=53"},"modified":"2025-12-29T23:58:18","modified_gmt":"2025-12-29T22:58:18","slug":"what-is-furry","status":"publish","type":"page","link":"https:\/\/otterdam.org\/nl\/what-is-furry\/","title":{"rendered":"Wat is furry?"},"content":{"rendered":"<div class=\"wp-block-group alignfull is-style-default has-base-color has-text-color has-background has-link-color has-poppins-font-family has-xx-large-font-size wp-elements-ed979610d0351cd6fd6322b44cbb2ed7 is-layout-flow wp-block-group-is-layout-flow\" style=\"background-color:#107b76;padding-top:var(--wp--preset--spacing--20);padding-right:var(--wp--preset--spacing--50);padding-bottom:var(--wp--preset--spacing--20);padding-left:var(--wp--preset--spacing--50);font-style:normal;font-weight:700\">\n<p style=\"font-size:clamp(2.2rem, 2.2rem + ((1vw - 0.2rem) * 2.824), 4rem);\">Wie we zijn<\/p>\n<\/div>\n\n\n\n<h1 class=\"wp-block-heading\">Wat is \u201cfurry\u201d?<\/h1>\n\n\n\n<div class=\"wp-block-columns alignwide is-layout-flex wp-container-core-columns-is-layout-28f84493 wp-block-columns-is-layout-flex\" style=\"border-style:none;border-width:0px\">\n<div class=\"wp-block-column is-layout-flow wp-block-column-is-layout-flow\" style=\"flex-basis:66.66%\">\n<figure class=\"wp-block-image alignleft size-large is-style-default\" style=\"margin-top:0;margin-right:0;margin-bottom:0;margin-left:0\"><img loading=\"lazy\" decoding=\"async\" width=\"1024\" height=\"754\" src=\"https:\/\/otterdam.org\/wp-content\/uploads\/2025\/12\/making-paw-1024x754.png\" alt=\"Photo of someone sewing a paw\" class=\"wp-image-612\" srcset=\"https:\/\/otterdam.org\/wp-content\/uploads\/2025\/12\/making-paw-1024x754.png 1024w, https:\/\/otterdam.org\/wp-content\/uploads\/2025\/12\/making-paw-300x221.png 300w, https:\/\/otterdam.org\/wp-content\/uploads\/2025\/12\/making-paw-768x565.png 768w, https:\/\/otterdam.org\/wp-content\/uploads\/2025\/12\/making-paw.png 1247w\" sizes=\"auto, (max-width: 1024px) 100vw, 1024px\" \/><figcaption class=\"wp-element-caption\">Uit de documentaire \"<a href=\"https:\/\/www.thefandomfilm.com\/\">The Fandom<\/a>&#8220;<\/figcaption><\/figure>\n<\/div>\n\n\n\n<div class=\"wp-block-column is-layout-flow wp-block-column-is-layout-flow\" style=\"flex-basis:33.33%\">\n<p class=\"translation-block\"><strong>\u201cFurries\u201d zijn fans van antropomorfe kunst<\/strong> \u2013 dat wil zeggen: kunst met personages die eigenschappen van zowel mensen als andere dieren hebben. In de afgelopen 40 \u00e0 50 jaar hebben deze fans zich samengevoegd tot een community, vergelijkbaar met fans van een tv-show, muziekgroep of sportteam.<\/p>\n<\/div>\n<\/div>\n\n\n\n<p class=\"translation-block\">Maar er is \u00e9\u00e9n groot verschil: furries zijn fans van werk dat <em>zij zelf cre\u00ebren<\/em>, niet van culturele producten die door anderen zijn gemaakt. De meeste furries hebben minstens \u00e9\u00e9n \u201cfursona\u201d \u2013 een weergave van zichzelf in een andere vorm, zoals een (antropomorfe) wolf of draak. Een fursona kan laten zien hoe je jezelf ziet, waar je naar streeft, of wat je graag in anderen zou willen zien.<\/p>\n\n\n\n<p>Het \u201cfurry fandom\u201d is groot en groeit nog steeds. Ze komen bijeen online, bij lokale meetups en op (inter)nationale \u201cconventies\u201d, waarvan sommige meer dan 15.000 mensen trekken. Deze evenementen bieden kunstmarkten, danscompetities, workshops en veel mogelijkheden om sociaal contact te hebben.<\/p>\n\n\n\n<p>Maar je hoeft geen conventie bij te wonen of een fursona te cre\u00ebren om de unieke manier te waarderen waarop furries nieuwe kunstvormen laten ontstaan of nieuwe verhalen vertellen.<\/p>\n\n\n\n<div class=\"wp-block-columns alignwide is-layout-flex wp-container-core-columns-is-layout-28f84493 wp-block-columns-is-layout-flex\" style=\"border-style:none;border-width:0px\">\n<div class=\"wp-block-column is-layout-flow wp-block-column-is-layout-flow\" style=\"flex-basis:66.66%\">\n<figure class=\"wp-block-image alignleft size-large is-style-default\" style=\"margin-top:0;margin-right:0;margin-bottom:0;margin-left:0\"><img loading=\"lazy\" decoding=\"async\" width=\"1024\" height=\"682\" src=\"https:\/\/otterdam.org\/wp-content\/uploads\/2025\/12\/pitcher-perfect-otterdam-2023-1024x682.jpeg\" alt=\"Stichting Otterdam's voorzitter giving a presentation about furry arts\" class=\"wp-image-760\" srcset=\"https:\/\/otterdam.org\/wp-content\/uploads\/2025\/12\/pitcher-perfect-otterdam-2023-1024x682.jpeg 1024w, https:\/\/otterdam.org\/wp-content\/uploads\/2025\/12\/pitcher-perfect-otterdam-2023-300x200.jpeg 300w, https:\/\/otterdam.org\/wp-content\/uploads\/2025\/12\/pitcher-perfect-otterdam-2023-768x511.jpeg 768w, https:\/\/otterdam.org\/wp-content\/uploads\/2025\/12\/pitcher-perfect-otterdam-2023.jpeg 1280w\" sizes=\"auto, (max-width: 1024px) 100vw, 1024px\" \/><figcaption class=\"wp-element-caption\">De voorzitter van Stichting Otterdam die een presentatie geeft over furry kunst<\/figcaption><\/figure>\n<\/div>\n\n\n\n<div class=\"wp-block-column is-layout-flow wp-block-column-is-layout-flow\" style=\"flex-basis:33.33%\">\n<p>Furry is sociaal, psychologisch en spiritueel. Het is vermaak en deelname. Het is een platform voor creatieve expressie, maar het is ook gewoon door de straat lopen of in een kamer zitten. Het is jezelf en anderen op een interessante manier zien. Stichting Otterdam viert al deze aspecten. <em>- uit <a href=\"https:\/\/otterdam.org\/nl\/principles\/\" data-type=\"page\" data-id=\"586\">onze principes<\/a><\/em><\/p>\n<\/div>\n<\/div>\n\n\n\n<h2 class=\"wp-block-heading has-text-align-left\"><strong>Aanvullende informatie<\/strong><\/h2>\n\n\n\n<ul class=\"wp-block-list\">\n<li>Voor ouders en familieleden van furries: \"<a href=\"https:\/\/mofurries.com\/\">Moms of Furries<\/a>\u201d<\/li>\n\n\n\n<li class=\"wp-elements-39f721afe3ecc1e4bea17decf1ef9359\">Voor academici:\n<ul class=\"wp-block-list\">\n<li class=\"wp-elements-5af7c3f322c6d3c73508788674ddb4ea\"><a href=\"https:\/\/furrystudies.org\/\">Furry Studies conferentie<\/a><\/li>\n\n\n\n<li class=\"wp-elements-1f606eb40bc2e0b46e357d90fdd4cb96\"><a href=\"https:\/\/furscience.com\/\">Furscience<\/a> (sociale wetenschappers, gefocust op het furry fandom)<\/li>\n<\/ul>\n<\/li>\n\n\n\n<li>Voor \"Nieuwsgierigen\"\n<ul class=\"wp-block-list\">\n<li class=\"wp-elements-d754e66d503956eac8ba4b57cae91aaa\">\u201c<a href=\"https:\/\/furscience.com\/\">The Fandom<\/a>\", een documentaire over de geschiedenis van het furry fandom<\/li>\n\n\n\n<li class=\"wp-elements-83c6c6ce7d2921a65a48d9b5c9bed557\"><a href=\"https:\/\/en.wikifur.com\/\">Wikifur<\/a>, een open toegankelijke kennisdatabank over furry onderwerpen<\/li>\n<\/ul>\n<\/li>\n<\/ul>","protected":false},"excerpt":{"rendered":"<p>Who we are What is &#8220;furry&#8221;? \u201cFurries\u201d are fans of anthropomorphic art \u2013 that is, art with characters who have traits of both humans and other animals. Over the past 40 or 50 years, these fans have banded together into a community much like fans of a TV show, music group, or sports team.&nbsp; But [&hellip;]<\/p>\n","protected":false},"author":9,"featured_media":0,"parent":0,"menu_order":0,"comment_status":"closed","ping_status":"closed","template":"","meta":{"footnotes":""},"class_list":["post-53","page","type-page","status-publish","hentry"],"jetpack_sharing_enabled":true,"_links":{"self":[{"href":"https:\/\/otterdam.org\/nl\/wp-json\/wp\/v2\/pages\/53","targetHints":{"allow":["GET"]}}],"collection":[{"href":"https:\/\/otterdam.org\/nl\/wp-json\/wp\/v2\/pages"}],"about":[{"href":"https:\/\/otterdam.org\/nl\/wp-json\/wp\/v2\/types\/page"}],"author":[{"embeddable":true,"href":"https:\/\/otterdam.org\/nl\/wp-json\/wp\/v2\/users\/9"}],"replies":[{"embeddable":true,"href":"https:\/\/otterdam.org\/nl\/wp-json\/wp\/v2\/comments?post=53"}],"version-history":[{"count":24,"href":"https:\/\/otterdam.org\/nl\/wp-json\/wp\/v2\/pages\/53\/revisions"}],"predecessor-version":[{"id":770,"href":"https:\/\/otterdam.org\/nl\/wp-json\/wp\/v2\/pages\/53\/revisions\/770"}],"wp:attachment":[{"href":"https:\/\/otterdam.org\/nl\/wp-json\/wp\/v2\/media?parent=53"}],"curies":[{"name":"wp","href":"https:\/\/api.w.org\/{rel}","templated":true}]}}